{"id":8,"date":"2026-04-29T20:00:02","date_gmt":"2026-04-29T18:00:02","guid":{"rendered":"https:\/\/onmangequoicesoir.shop\/bbhotburgernimes\/contact-us\/"},"modified":"2026-04-29T20:00:02","modified_gmt":"2026-04-29T18:00:02","slug":"contact-us","status":"publish","type":"page","link":"https:\/\/onmangequoicesoir.shop\/bbhotburgernimes\/contact-us\/","title":{"rendered":"Contactez-nous"},"content":{"rendered":"\t\t<div data-elementor-type=\"wp-page\" data-elementor-id=\"8\" class=\"elementor elementor-8\" data-elementor-post-type=\"page\">\n\t\t\t\t\t\t<div class=\"elementor-section elementor-top-section elementor-element elementor-element-abbbd88 elementor-section-stretched elementor-section-boxed elementor-section-height-default elementor-section-height-default\" data-id=\"abbbd88\" data-element_type=\"section\" data-e-type=\"section\" data-settings=\"{&quot;stretch_section&quot;:&quot;section-stretched&quot;}\">\n\t\t\t\t\t\t<div class=\"elementor-container elementor-column-gap-no\">\n\t\t\t\t\t<div class=\"elementor-column elementor-col-100 elementor-top-column elementor-element elementor-element-196dadc\" data-id=\"196dadc\" data-element_type=\"column\" data-e-type=\"column\">\n\t\t\t<div class=\"elementor-widget-wrap elementor-element-populated\">\n\t\t\t\t\t\t<div class=\"elementor-section elementor-inner-section elementor-element elementor-element-a1b19c1 elementor-section-full_width elementor-section-height-default elementor-section-height-default\" data-id=\"a1b19c1\" data-element_type=\"section\" data-e-type=\"section\">\n\t\t\t\t\t\t<div class=\"elementor-container elementor-column-gap-no\">\n\t\t\t\t\t<div class=\"elementor-column elementor-col-33 elementor-inner-column elementor-element elementor-element-bc20640\" data-id=\"bc20640\" data-element_type=\"column\" data-e-type=\"column\">\n\t\t\t<div class=\"elementor-widget-wrap elementor-element-populated\">\n\t\t\t\t\t\t<div class=\"elementor-element elementor-element-2311c06 elementor-view-default elementor-position-block-start elementor-mobile-position-block-start elementor-widget elementor-widget-icon-box\" data-id=\"2311c06\" data-element_type=\"widget\" data-e-type=\"widget\" data-widget_type=\"icon-box.default\">\n\t\t\t\t\t\t\t<div class=\"elementor-icon-box-wrapper\">\n\n\t\t\t\t\t\t<div class=\"elementor-icon-box-icon\">\n\t\t\t\t<span  class=\"elementor-icon\">\n\t\t\t\t<svg aria-hidden=\"true\" class=\"e-font-icon-svg e-far-clock\" viewBox=\"0 0 512 512\" xmlns=\"http:\/\/www.w3.org\/2000\/svg\"><path d=\"M256 8C119 8 8 119 8 256s111 248 248 248 248-111 248-248S393 8 256 8zm0 448c-110.5 0-200-89.5-200-200S145.5 56 256 56s200 89.5 200 200-89.5 200-200 200zm61.8-104.4l-84.9-61.7c-3.1-2.3-4.9-5.9-4.9-9.7V116c0-6.6 5.4-12 12-12h32c6.6 0 12 5.4 12 12v141.7l66.8 48.6c5.4 3.9 6.5 11.4 2.6 16.8L334.6 349c-3.9 5.3-11.4 6.5-16.8 2.6z\"><\/path><\/svg>\t\t\t\t<\/span>\n\t\t\t<\/div>\n\t\t\t\n\t\t\t\t\t\t<div class=\"elementor-icon-box-content\">\n\n\t\t\t\t\t\t\t\t\t<h3 class=\"elementor-icon-box-title\">\n\t\t\t\t\t\t<span  >\n\t\t\t\t\t\t\tOuuverture\t\t\t\t\t\t<\/span>\n\t\t\t\t\t<\/h3>\n\t\t\t\t\n\t\t\t\t\t\t\t\t\t<p class=\"elementor-icon-box-description\">\n\t\t\t\t\t\t12:00 - 23h45nLundi-Dimanche\t\t\t\t\t<\/p>\n\t\t\t\t\n\t\t\t<\/div>\n\t\t\t\n\t\t<\/div>\n\t\t\t\t\t\t<\/div>\n\t\t\t\t\t<\/div>\n\t\t<\/div>\n\t\t\t\t<div class=\"elementor-column elementor-col-33 elementor-inner-column elementor-element elementor-element-574d53e\" data-id=\"574d53e\" data-element_type=\"column\" data-e-type=\"column\">\n\t\t\t<div class=\"elementor-widget-wrap elementor-element-populated\">\n\t\t\t\t\t\t<div class=\"elementor-element elementor-element-5b64efa elementor-view-default elementor-position-block-start elementor-mobile-position-block-start elementor-widget elementor-widget-icon-box\" data-id=\"5b64efa\" data-element_type=\"widget\" data-e-type=\"widget\" data-widget_type=\"icon-box.default\">\n\t\t\t\t\t\t\t<div class=\"elementor-icon-box-wrapper\">\n\n\t\t\t\t\t\t<div class=\"elementor-icon-box-icon\">\n\t\t\t\t<span  class=\"elementor-icon\">\n\t\t\t\t<i aria-hidden=\"true\" class=\"poco-icon- poco-icon-map-marker-check\"><\/i>\t\t\t\t<\/span>\n\t\t\t<\/div>\n\t\t\t\n\t\t\t\t\t\t<div class=\"elementor-icon-box-content\">\n\n\t\t\t\t\t\t\t\t\t<h3 class=\"elementor-icon-box-title\">\n\t\t\t\t\t\t<span  >\n\t\t\t\t\t\t\tAddress\t\t\t\t\t\t<\/span>\n\t\t\t\t\t<\/h3>\n\t\t\t\t\n\t\t\t\t\t\t\t\t\t<p class=\"elementor-icon-box-description\">\n\t\t\t\t\t\t24 Route D'Espalion, Onet-Le-Chu00e2teau, OCC 12850\t\t\t\t\t<\/p>\n\t\t\t\t\n\t\t\t<\/div>\n\t\t\t\n\t\t<\/div>\n\t\t\t\t\t\t<\/div>\n\t\t\t\t\t<\/div>\n\t\t<\/div>\n\t\t\t\t<div class=\"elementor-column elementor-col-33 elementor-inner-column elementor-element elementor-element-71d678d\" data-id=\"71d678d\" data-element_type=\"column\" data-e-type=\"column\">\n\t\t\t<div class=\"elementor-widget-wrap elementor-element-populated\">\n\t\t\t\t\t\t<div class=\"elementor-element elementor-element-e7ce84d elementor-view-default elementor-position-block-start elementor-mobile-position-block-start elementor-widget elementor-widget-icon-box\" data-id=\"e7ce84d\" data-element_type=\"widget\" data-e-type=\"widget\" data-widget_type=\"icon-box.default\">\n\t\t\t\t\t\t\t<div class=\"elementor-icon-box-wrapper\">\n\n\t\t\t\t\t\t<div class=\"elementor-icon-box-icon\">\n\t\t\t\t<span  class=\"elementor-icon\">\n\t\t\t\t<i aria-hidden=\"true\" class=\"poco-icon- poco-icon-food-delivery\"><\/i>\t\t\t\t<\/span>\n\t\t\t<\/div>\n\t\t\t\n\t\t\t\t\t\t<div class=\"elementor-icon-box-content\">\n\n\t\t\t\t\t\t\t\t\t<h3 class=\"elementor-icon-box-title\">\n\t\t\t\t\t\t<span  >\n\t\t\t\t\t\t\tCommande Uber Eats\t\t\t\t\t\t<\/span>\n\t\t\t\t\t<\/h3>\n\t\t\t\t\n\t\t\t\t\t\t\t\t\t<p class=\"elementor-icon-box-description\">\n\t\t\t\t\t\thttps:\/\/shorturl.at\/iBLK4\t\t\t\t\t<\/p>\n\t\t\t\t\n\t\t\t<\/div>\n\t\t\t\n\t\t<\/div>\n\t\t\t\t\t\t<\/div>\n\t\t\t\t\t<\/div>\n\t\t<\/div>\n\t\t\t\t\t<\/div>\n\t\t<\/div>\n\t\t\t\t\t<\/div>\n\t\t<\/div>\n\t\t\t\t\t<\/div>\n\t\t<\/div>\n\t\t\t\t<div class=\"elementor-section elementor-top-section elementor-element elementor-element-16a7b13 elementor-section-stretched elementor-section-boxed elementor-section-height-default elementor-section-height-default\" data-id=\"16a7b13\" data-element_type=\"section\" data-e-type=\"section\" data-settings=\"{&quot;stretch_section&quot;:&quot;section-stretched&quot;}\">\n\t\t\t\t\t\t<div class=\"elementor-container elementor-column-gap-no\">\n\t\t\t\t\t<div class=\"elementor-column elementor-col-100 elementor-top-column elementor-element elementor-element-773e7f4\" data-id=\"773e7f4\" data-element_type=\"column\" data-e-type=\"column\">\n\t\t\t<div class=\"elementor-widget-wrap elementor-element-populated\">\n\t\t\t\t\t\t<div class=\"elementor-section elementor-inner-section elementor-element elementor-element-fb7a2f3 elementor-section-full_width elementor-section-content-middle elementor-section-height-default elementor-section-height-default\" data-id=\"fb7a2f3\" data-element_type=\"section\" data-e-type=\"section\">\n\t\t\t\t\t\t<div class=\"elementor-container elementor-column-gap-no\">\n\t\t\t\t\t<div class=\"elementor-column elementor-col-50 elementor-inner-column elementor-element elementor-element-a27afc5\" data-id=\"a27afc5\" data-element_type=\"column\" data-e-type=\"column\">\n\t\t\t<div class=\"elementor-widget-wrap elementor-element-populated\">\n\t\t\t\t\t\t<div class=\"elementor-element elementor-element-ad80e86 elementor-widget elementor-widget-image\" data-id=\"ad80e86\" data-element_type=\"widget\" data-e-type=\"widget\" data-widget_type=\"image.default\">\n\t\t\t\t\t\t\t\t\t\t\t\t\t\t\t<img fetchpriority=\"high\" decoding=\"async\" width=\"565\" height=\"249\" src=\"https:\/\/onmangequoicesoir.shop\/bbhotburgernimes\/wp-content\/uploads\/sites\/4\/2020\/08\/action-2.jpg\" class=\"attachment-large size-large wp-image-490\" alt=\"\" srcset=\"https:\/\/onmangequoicesoir.shop\/bbhotburgernimes\/wp-content\/uploads\/sites\/4\/2020\/08\/action-2.jpg 565w, https:\/\/onmangequoicesoir.shop\/bbhotburgernimes\/wp-content\/uploads\/sites\/4\/2020\/08\/action-2-300x132.jpg 300w\" sizes=\"(max-width: 565px) 100vw, 565px\" \/>\t\t\t\t\t\t\t\t\t\t\t\t\t\t\t<\/div>\n\t\t\t\t\t<\/div>\n\t\t<\/div>\n\t\t\t\t<div class=\"elementor-column elementor-col-50 elementor-inner-column elementor-element elementor-element-83aaabb\" data-id=\"83aaabb\" data-element_type=\"column\" data-e-type=\"column\">\n\t\t\t<div class=\"elementor-widget-wrap elementor-element-populated\">\n\t\t\t\t\t\t<div class=\"elementor-element elementor-element-23db60b elementor-widget elementor-widget-heading\" data-id=\"23db60b\" data-element_type=\"widget\" data-e-type=\"widget\" data-widget_type=\"heading.default\">\n\t\t\t\t\t<h2 class=\"elementor-heading-title elementor-size-default\">Notre u00e9quipe u00e0 vous u00e9coute<\/h2>\t\t\t\t<\/div>\n\t\t\t\t<div class=\"elementor-element elementor-element-4d95240 elementor-widget elementor-widget-wpforms\" data-id=\"4d95240\" data-element_type=\"widget\" data-e-type=\"widget\" data-widget_type=\"wpforms.default\">\n\t\t\t\t<div class=\"elementor-widget-container\">\n\t\t\t\t\t<style id=\"wpforms-css-vars-root\">\n\t\t\t\t:root {\n\t\t\t\t\t--wpforms-field-border-radius: 3px;\n--wpforms-field-border-style: solid;\n--wpforms-field-border-size: 1px;\n--wpforms-field-background-color: #ffffff;\n--wpforms-field-border-color: rgba( 0, 0, 0, 0.25 );\n--wpforms-field-border-color-spare: rgba( 0, 0, 0, 0.25 );\n--wpforms-field-text-color: rgba( 0, 0, 0, 0.7 );\n--wpforms-field-menu-color: #ffffff;\n--wpforms-label-color: rgba( 0, 0, 0, 0.85 );\n--wpforms-label-sublabel-color: rgba( 0, 0, 0, 0.55 );\n--wpforms-label-error-color: #d63637;\n--wpforms-button-border-radius: 3px;\n--wpforms-button-border-style: none;\n--wpforms-button-border-size: 1px;\n--wpforms-button-background-color: #066aab;\n--wpforms-button-border-color: #066aab;\n--wpforms-button-text-color: #ffffff;\n--wpforms-page-break-color: #066aab;\n--wpforms-background-image: none;\n--wpforms-background-position: center center;\n--wpforms-background-repeat: no-repeat;\n--wpforms-background-size: cover;\n--wpforms-background-width: 100px;\n--wpforms-background-height: 100px;\n--wpforms-background-color: rgba( 0, 0, 0, 0 );\n--wpforms-background-url: none;\n--wpforms-container-padding: 0px;\n--wpforms-container-border-style: none;\n--wpforms-container-border-width: 1px;\n--wpforms-container-border-color: #000000;\n--wpforms-container-border-radius: 3px;\n--wpforms-field-size-input-height: 43px;\n--wpforms-field-size-input-spacing: 15px;\n--wpforms-field-size-font-size: 16px;\n--wpforms-field-size-line-height: 19px;\n--wpforms-field-size-padding-h: 14px;\n--wpforms-field-size-checkbox-size: 16px;\n--wpforms-field-size-sublabel-spacing: 5px;\n--wpforms-field-size-icon-size: 1;\n--wpforms-label-size-font-size: 16px;\n--wpforms-label-size-line-height: 19px;\n--wpforms-label-size-sublabel-font-size: 14px;\n--wpforms-label-size-sublabel-line-height: 17px;\n--wpforms-button-size-font-size: 17px;\n--wpforms-button-size-height: 41px;\n--wpforms-button-size-padding-h: 15px;\n--wpforms-button-size-margin-top: 10px;\n--wpforms-container-shadow-size-box-shadow: none;\n\n\t\t\t\t}\n\t\t\t<\/style><style id=\"wpforms-css-vars-elementor-widget-4d95240\">\n\t\t\t\t.elementor-widget-wpforms.elementor-element-4d95240 {\n\t\t\t\t\t--wpforms-field-size-input-height: 43px;\n--wpforms-field-size-input-spacing: 15px;\n--wpforms-field-size-font-size: 16px;\n--wpforms-field-size-line-height: 19px;\n--wpforms-field-size-padding-h: 14px;\n--wpforms-field-size-checkbox-size: 16px;\n--wpforms-field-size-sublabel-spacing: 5px;\n--wpforms-field-size-icon-size: 1;\n--wpforms-label-size-font-size: 16px;\n--wpforms-label-size-line-height: 19px;\n--wpforms-label-size-sublabel-font-size: 14px;\n--wpforms-label-size-sublabel-line-height: 17px;\n--wpforms-button-size-font-size: 17px;\n--wpforms-button-size-height: 41px;\n--wpforms-button-size-padding-h: 15px;\n--wpforms-button-size-margin-top: 10px;\n\n\t\t\t\t}\n\t\t\t<\/style>\t\t\t\t<\/div>\n\t\t\t\t<\/div>\n\t\t\t\t\t<\/div>\n\t\t<\/div>\n\t\t\t\t\t<\/div>\n\t\t<\/div>\n\t\t\t\t\t<\/div>\n\t\t<\/div>\n\t\t\t\t\t<\/div>\n\t\t<\/div>\n\t\t\t\t<\/div>\n\t\t","protected":false},"excerpt":{"rendered":"<p>Ouuverture 12:00 &#8211; 23h45 Lundi-Dimanche Address 24 Route D&#8217;Espalion, Onet-Le-Ch\u00e2teau, OCC 12850 Commande Uber Eats https:\/\/shorturl.at\/iBLK4 Notre \u00e9quipe \u00e0 vous \u00e9coute Veuillez activer JavaScript dans votre navigateur pour remplir ce formulaire.Veuillez activer JavaScript dans votre navigateur pour remplir ce formulaire.T\u00e9l\u00e9phone * Nom * Pr\u00e9nomNom E-mail *Commentaire ou message RGPD * Je consens au traitement de [&hellip;]<\/p>\n","protected":false},"author":1,"featured_media":0,"parent":0,"menu_order":0,"comment_status":"closed","ping_status":"closed","template":"","meta":{"footnotes":""},"class_list":["post-8","page","type-page","status-publish","hentry"],"yoast_head":"<!-- This site is optimized with the Yoast SEO Premium plugin v22.0 (Yoast SEO v27.3) - https:\/\/yoast.com\/product\/yoast-seo-premium-wordpress\/ -->\n<title>Contactez-nous - BB HOT BURGER NIMES<\/title>\n<meta name=\"robots\" content=\"index, follow, max-snippet:-1, max-image-preview:large, max-video-preview:-1\" \/>\n<link rel=\"canonical\" href=\"https:\/\/onmangequoicesoir.shop\/bbhotburgernimes\/contact-us\/\" \/>\n<meta property=\"og:locale\" content=\"fr_FR\" \/>\n<meta property=\"og:type\" content=\"article\" \/>\n<meta property=\"og:title\" content=\"Contactez-nous\" \/>\n<meta property=\"og:description\" content=\"Ouuverture 12:00 &#8211; 23h45 Lundi-Dimanche Address 24 Route D&#8217;Espalion, Onet-Le-Ch\u00e2teau, OCC 12850 Commande Uber Eats https:\/\/shorturl.at\/iBLK4 Notre \u00e9quipe \u00e0 vous \u00e9coute Veuillez activer JavaScript dans votre navigateur pour remplir ce formulaire.Veuillez activer JavaScript dans votre navigateur pour remplir ce formulaire.T\u00e9l\u00e9phone * Nom * Pr\u00e9nomNom E-mail *Commentaire ou message RGPD * Je consens au traitement de [&hellip;]\" \/>\n<meta property=\"og:url\" content=\"https:\/\/onmangequoicesoir.shop\/bbhotburgernimes\/contact-us\/\" \/>\n<meta property=\"og:site_name\" content=\"BB HOT BURGER NIMES\" \/>\n<meta property=\"og:image\" content=\"https:\/\/onmangequoicesoir.shop\/pizzanostra\/wp-content\/uploads\/sites\/2\/2020\/08\/action-2.jpg\" \/>\n<meta name=\"twitter:card\" content=\"summary_large_image\" \/>\n<meta name=\"twitter:label1\" content=\"Dur\u00e9e de lecture estim\u00e9e\" \/>\n\t<meta name=\"twitter:data1\" content=\"1 minute\" \/>\n<script type=\"application\/ld+json\" class=\"yoast-schema-graph\">{\"@context\":\"https:\\\/\\\/schema.org\",\"@graph\":[{\"@type\":\"WebPage\",\"@id\":\"https:\\\/\\\/onmangequoicesoir.shop\\\/bbhotburgernimes\\\/contact-us\\\/\",\"url\":\"https:\\\/\\\/onmangequoicesoir.shop\\\/bbhotburgernimes\\\/contact-us\\\/\",\"name\":\"Contactez-nous - BB HOT BURGER NIMES\",\"isPartOf\":{\"@id\":\"https:\\\/\\\/onmangequoicesoir.shop\\\/bbhotburgernimes\\\/#website\"},\"primaryImageOfPage\":{\"@id\":\"https:\\\/\\\/onmangequoicesoir.shop\\\/bbhotburgernimes\\\/contact-us\\\/#primaryimage\"},\"image\":{\"@id\":\"https:\\\/\\\/onmangequoicesoir.shop\\\/bbhotburgernimes\\\/contact-us\\\/#primaryimage\"},\"thumbnailUrl\":\"https:\\\/\\\/onmangequoicesoir.shop\\\/pizzanostra\\\/wp-content\\\/uploads\\\/sites\\\/2\\\/2020\\\/08\\\/action-2.jpg\",\"datePublished\":\"2026-04-29T18:00:02+00:00\",\"breadcrumb\":{\"@id\":\"https:\\\/\\\/onmangequoicesoir.shop\\\/bbhotburgernimes\\\/contact-us\\\/#breadcrumb\"},\"inLanguage\":\"fr-FR\",\"potentialAction\":[{\"@type\":\"ReadAction\",\"target\":[\"https:\\\/\\\/onmangequoicesoir.shop\\\/bbhotburgernimes\\\/contact-us\\\/\"]}]},{\"@type\":\"ImageObject\",\"inLanguage\":\"fr-FR\",\"@id\":\"https:\\\/\\\/onmangequoicesoir.shop\\\/bbhotburgernimes\\\/contact-us\\\/#primaryimage\",\"url\":\"https:\\\/\\\/onmangequoicesoir.shop\\\/pizzanostra\\\/wp-content\\\/uploads\\\/sites\\\/2\\\/2020\\\/08\\\/action-2.jpg\",\"contentUrl\":\"https:\\\/\\\/onmangequoicesoir.shop\\\/pizzanostra\\\/wp-content\\\/uploads\\\/sites\\\/2\\\/2020\\\/08\\\/action-2.jpg\"},{\"@type\":\"BreadcrumbList\",\"@id\":\"https:\\\/\\\/onmangequoicesoir.shop\\\/bbhotburgernimes\\\/contact-us\\\/#breadcrumb\",\"itemListElement\":[{\"@type\":\"ListItem\",\"position\":1,\"name\":\"Accueil\",\"item\":\"https:\\\/\\\/onmangequoicesoir.shop\\\/bbhotburgernimes\\\/\"},{\"@type\":\"ListItem\",\"position\":2,\"name\":\"Contactez-nous\"}]},{\"@type\":\"WebSite\",\"@id\":\"https:\\\/\\\/onmangequoicesoir.shop\\\/bbhotburgernimes\\\/#website\",\"url\":\"https:\\\/\\\/onmangequoicesoir.shop\\\/bbhotburgernimes\\\/\",\"name\":\"BB HOT BURGER NIMES\",\"description\":\"\",\"publisher\":{\"@id\":\"https:\\\/\\\/onmangequoicesoir.shop\\\/bbhotburgernimes\\\/#organization\"},\"potentialAction\":[{\"@type\":\"SearchAction\",\"target\":{\"@type\":\"EntryPoint\",\"urlTemplate\":\"https:\\\/\\\/onmangequoicesoir.shop\\\/bbhotburgernimes\\\/?s={search_term_string}\"},\"query-input\":{\"@type\":\"PropertyValueSpecification\",\"valueRequired\":true,\"valueName\":\"search_term_string\"}}],\"inLanguage\":\"fr-FR\"},{\"@type\":\"Organization\",\"@id\":\"https:\\\/\\\/onmangequoicesoir.shop\\\/bbhotburgernimes\\\/#organization\",\"name\":\"BB HOT BURGER NIMES\",\"url\":\"https:\\\/\\\/onmangequoicesoir.shop\\\/bbhotburgernimes\\\/\",\"logo\":{\"@type\":\"ImageObject\",\"inLanguage\":\"fr-FR\",\"@id\":\"https:\\\/\\\/onmangequoicesoir.shop\\\/bbhotburgernimes\\\/#\\\/schema\\\/logo\\\/image\\\/\",\"url\":\"https:\\\/\\\/onmangequoicesoir.shop\\\/bbhotburgernimes\\\/wp-content\\\/uploads\\\/sites\\\/4\\\/2026\\\/05\\\/BB-KING.jpg\",\"contentUrl\":\"https:\\\/\\\/onmangequoicesoir.shop\\\/bbhotburgernimes\\\/wp-content\\\/uploads\\\/sites\\\/4\\\/2026\\\/05\\\/BB-KING.jpg\",\"width\":2048,\"height\":2048,\"caption\":\"BB HOT BURGER NIMES\"},\"image\":{\"@id\":\"https:\\\/\\\/onmangequoicesoir.shop\\\/bbhotburgernimes\\\/#\\\/schema\\\/logo\\\/image\\\/\"}}]}<\/script>\n<!-- \/ Yoast SEO Premium plugin. -->","yoast_head_json":{"title":"Contactez-nous - BB HOT BURGER NIMES","robots":{"index":"index","follow":"follow","max-snippet":"max-snippet:-1","max-image-preview":"max-image-preview:large","max-video-preview":"max-video-preview:-1"},"canonical":"https:\/\/onmangequoicesoir.shop\/bbhotburgernimes\/contact-us\/","og_locale":"fr_FR","og_type":"article","og_title":"Contactez-nous","og_description":"Ouuverture 12:00 &#8211; 23h45 Lundi-Dimanche Address 24 Route D&#8217;Espalion, Onet-Le-Ch\u00e2teau, OCC 12850 Commande Uber Eats https:\/\/shorturl.at\/iBLK4 Notre \u00e9quipe \u00e0 vous \u00e9coute Veuillez activer JavaScript dans votre navigateur pour remplir ce formulaire.Veuillez activer JavaScript dans votre navigateur pour remplir ce formulaire.T\u00e9l\u00e9phone * Nom * Pr\u00e9nomNom E-mail *Commentaire ou message RGPD * Je consens au traitement de [&hellip;]","og_url":"https:\/\/onmangequoicesoir.shop\/bbhotburgernimes\/contact-us\/","og_site_name":"BB HOT BURGER NIMES","og_image":[{"url":"https:\/\/onmangequoicesoir.shop\/pizzanostra\/wp-content\/uploads\/sites\/2\/2020\/08\/action-2.jpg","type":"","width":"","height":""}],"twitter_card":"summary_large_image","twitter_misc":{"Dur\u00e9e de lecture estim\u00e9e":"1 minute"},"schema":{"@context":"https:\/\/schema.org","@graph":[{"@type":"WebPage","@id":"https:\/\/onmangequoicesoir.shop\/bbhotburgernimes\/contact-us\/","url":"https:\/\/onmangequoicesoir.shop\/bbhotburgernimes\/contact-us\/","name":"Contactez-nous - BB HOT BURGER NIMES","isPartOf":{"@id":"https:\/\/onmangequoicesoir.shop\/bbhotburgernimes\/#website"},"primaryImageOfPage":{"@id":"https:\/\/onmangequoicesoir.shop\/bbhotburgernimes\/contact-us\/#primaryimage"},"image":{"@id":"https:\/\/onmangequoicesoir.shop\/bbhotburgernimes\/contact-us\/#primaryimage"},"thumbnailUrl":"https:\/\/onmangequoicesoir.shop\/pizzanostra\/wp-content\/uploads\/sites\/2\/2020\/08\/action-2.jpg","datePublished":"2026-04-29T18:00:02+00:00","breadcrumb":{"@id":"https:\/\/onmangequoicesoir.shop\/bbhotburgernimes\/contact-us\/#breadcrumb"},"inLanguage":"fr-FR","potentialAction":[{"@type":"ReadAction","target":["https:\/\/onmangequoicesoir.shop\/bbhotburgernimes\/contact-us\/"]}]},{"@type":"ImageObject","inLanguage":"fr-FR","@id":"https:\/\/onmangequoicesoir.shop\/bbhotburgernimes\/contact-us\/#primaryimage","url":"https:\/\/onmangequoicesoir.shop\/pizzanostra\/wp-content\/uploads\/sites\/2\/2020\/08\/action-2.jpg","contentUrl":"https:\/\/onmangequoicesoir.shop\/pizzanostra\/wp-content\/uploads\/sites\/2\/2020\/08\/action-2.jpg"},{"@type":"BreadcrumbList","@id":"https:\/\/onmangequoicesoir.shop\/bbhotburgernimes\/contact-us\/#breadcrumb","itemListElement":[{"@type":"ListItem","position":1,"name":"Accueil","item":"https:\/\/onmangequoicesoir.shop\/bbhotburgernimes\/"},{"@type":"ListItem","position":2,"name":"Contactez-nous"}]},{"@type":"WebSite","@id":"https:\/\/onmangequoicesoir.shop\/bbhotburgernimes\/#website","url":"https:\/\/onmangequoicesoir.shop\/bbhotburgernimes\/","name":"BB HOT BURGER NIMES","description":"","publisher":{"@id":"https:\/\/onmangequoicesoir.shop\/bbhotburgernimes\/#organization"},"potentialAction":[{"@type":"SearchAction","target":{"@type":"EntryPoint","urlTemplate":"https:\/\/onmangequoicesoir.shop\/bbhotburgernimes\/?s={search_term_string}"},"query-input":{"@type":"PropertyValueSpecification","valueRequired":true,"valueName":"search_term_string"}}],"inLanguage":"fr-FR"},{"@type":"Organization","@id":"https:\/\/onmangequoicesoir.shop\/bbhotburgernimes\/#organization","name":"BB HOT BURGER NIMES","url":"https:\/\/onmangequoicesoir.shop\/bbhotburgernimes\/","logo":{"@type":"ImageObject","inLanguage":"fr-FR","@id":"https:\/\/onmangequoicesoir.shop\/bbhotburgernimes\/#\/schema\/logo\/image\/","url":"https:\/\/onmangequoicesoir.shop\/bbhotburgernimes\/wp-content\/uploads\/sites\/4\/2026\/05\/BB-KING.jpg","contentUrl":"https:\/\/onmangequoicesoir.shop\/bbhotburgernimes\/wp-content\/uploads\/sites\/4\/2026\/05\/BB-KING.jpg","width":2048,"height":2048,"caption":"BB HOT BURGER NIMES"},"image":{"@id":"https:\/\/onmangequoicesoir.shop\/bbhotburgernimes\/#\/schema\/logo\/image\/"}}]}},"_links":{"self":[{"href":"https:\/\/onmangequoicesoir.shop\/bbhotburgernimes\/wp-json\/wp\/v2\/pages\/8","targetHints":{"allow":["GET"]}}],"collection":[{"href":"https:\/\/onmangequoicesoir.shop\/bbhotburgernimes\/wp-json\/wp\/v2\/pages"}],"about":[{"href":"https:\/\/onmangequoicesoir.shop\/bbhotburgernimes\/wp-json\/wp\/v2\/types\/page"}],"author":[{"embeddable":true,"href":"https:\/\/onmangequoicesoir.shop\/bbhotburgernimes\/wp-json\/wp\/v2\/users\/1"}],"replies":[{"embeddable":true,"href":"https:\/\/onmangequoicesoir.shop\/bbhotburgernimes\/wp-json\/wp\/v2\/comments?post=8"}],"version-history":[{"count":0,"href":"https:\/\/onmangequoicesoir.shop\/bbhotburgernimes\/wp-json\/wp\/v2\/pages\/8\/revisions"}],"wp:attachment":[{"href":"https:\/\/onmangequoicesoir.shop\/bbhotburgernimes\/wp-json\/wp\/v2\/media?parent=8"}],"curies":[{"name":"wp","href":"https:\/\/api.w.org\/{rel}","templated":true}]}}